{"id":956,"date":"2015-07-16T09:12:51","date_gmt":"2015-07-16T09:12:51","guid":{"rendered":"https:\/\/keyracolors.com\/contact-2\/"},"modified":"2021-06-07T09:29:23","modified_gmt":"2021-06-07T09:29:23","slug":"contact","status":"publish","type":"page","link":"https:\/\/keyracolors.com\/en\/contact\/","title":{"rendered":"Contact"},"content":{"rendered":"<div id='av_section_1'  class='avia-section main_color avia-section-default avia-no-border-styling avia-bg-style-scroll  avia-builder-el-0  avia-builder-el-no-sibling   container_wrap fullsize' style=' '  ><div class='container' ><main  role=\"main\" itemprop=\"mainContentOfPage\"  class='template-page content  av-content-full alpha units'><div class='post-entry post-entry-type-page post-entry-956'><div class='entry-content-wrapper clearfix'>\n<section class=\"av_textblock_section \"  itemscope=\"itemscope\" itemtype=\"https:\/\/schema.org\/CreativeWork\" ><div class='avia_textblock  '   itemprop=\"text\" ><h1 style=\"font-size:28px;\"><span style=\"color: #cc6600;\">CONTACT<\/span> US<\/h1>\n<p>For any questions, doubts or suggestions, please fill in the contact form and we will get in touch as soon as possible. Thank you very much!<\/p>\n<\/div><\/section>\n<div class=\"flex_column av_one_fifth  flex_column_div av-zero-column-padding first  avia-builder-el-2  el_after_av_textblock  el_before_av_three_fifth  column-top-margin\" style='border-radius:0px; '><\/div><div class=\"flex_column av_three_fifth  av-animated-generic bottom-to-top  flex_column_div av-zero-column-padding   avia-builder-el-3  el_after_av_one_fifth  el_before_av_one_fifth  column-top-margin\" style='border-radius:0px; '><form action=\"https:\/\/keyracolors.com\/en\/contact\/\" method=\"post\"  class=\"avia_ajax_form av-form-labels-visible   avia-builder-el-4  avia-builder-el-no-sibling   \" data-avia-form-id=\"1\" data-avia-redirect='' ><fieldset><p class=' first_form  form_element form_element_two_third' id='element_avia_1_1'><label for=\"avia_1_1\">Name and surname <abbr class=\"required\" title=\"required\">*<\/abbr><\/label> <input name=\"avia_1_1\" class=\"text_input is_empty\" type=\"text\" id=\"avia_1_1\" value=\"\" \/><\/p><p class=' form_element form_element_third' id='element_avia_2_1'><label for=\"avia_2_1\">State \/ Province <abbr class=\"required\" title=\"required\">*<\/abbr><\/label> <input name=\"avia_2_1\" class=\"text_input is_empty\" type=\"text\" id=\"avia_2_1\" value=\"\" \/><\/p><p class=' first_form  form_element form_element_third' id='element_avia_3_1'><label for=\"avia_3_1\">City <abbr class=\"required\" title=\"required\">*<\/abbr><\/label> <input name=\"avia_3_1\" class=\"text_input is_empty\" type=\"text\" id=\"avia_3_1\" value=\"\" \/><\/p><p class=' form_element form_element_third' id='element_avia_4_1'><label for=\"avia_4_1\">Country <abbr class=\"required\" title=\"required\">*<\/abbr><\/label> <select  name=\"avia_4_1\" class=\"select is_empty\" id=\"avia_4_1\"><option  value ='Afganist\u00e1n'>Afganist\u00e1n<\/option><option  value ='Albania'>Albania<\/option><option  value ='Alemania'>Alemania<\/option><option  value ='Andorra'>Andorra<\/option><option  value ='Angola'>Angola<\/option><option  value ='Antigua y Barbuda'>Antigua y Barbuda<\/option><option  value ='Arabia Saudita'>Arabia Saudita<\/option><option  value ='Argelia'>Argelia<\/option><option  value ='Argentina'>Argentina<\/option><option  value ='Armenia'>Armenia<\/option><option  value ='Australia'>Australia<\/option><option  value ='Austria'>Austria<\/option><option  value ='Azerbaiy\u00e1n'>Azerbaiy\u00e1n<\/option><option  value ='Bahamas'>Bahamas<\/option><option  value ='Banglad\u00e9s'>Banglad\u00e9s<\/option><option  value ='Barbados'>Barbados<\/option><option  value ='Bar\u00e9in'>Bar\u00e9in<\/option><option  value ='B\u00e9lgica'>B\u00e9lgica<\/option><option  value ='Belice'>Belice<\/option><option  value ='Ben\u00edn'>Ben\u00edn<\/option><option  value ='Bielorrusia'>Bielorrusia<\/option><option  value ='Birmania'>Birmania<\/option><option  value ='Bolivia'>Bolivia<\/option><option  value ='Bosnia-Herzegovina'>Bosnia-Herzegovina<\/option><option  value ='Botsuana'>Botsuana<\/option><option  value ='Brasil'>Brasil<\/option><option  value ='Brun\u00e9i'>Brun\u00e9i<\/option><option  value ='Bulgaria'>Bulgaria<\/option><option  value ='Burkina Faso'>Burkina Faso<\/option><option  value ='Burundi'>Burundi<\/option><option  value ='But\u00e1n'>But\u00e1n<\/option><option  value ='Cabo Verde'>Cabo Verde<\/option><option  value ='Camboya'>Camboya<\/option><option  value ='Camer\u00fan'>Camer\u00fan<\/option><option  value ='Canad\u00e1'>Canad\u00e1<\/option><option  value ='Catar'>Catar<\/option><option  value ='Chad'>Chad<\/option><option  value ='Chile'>Chile<\/option><option  value ='China'>China<\/option><option  value ='Chipre'>Chipre<\/option><option  value ='Colombia'>Colombia<\/option><option  value ='Comoras'>Comoras<\/option><option  value ='Congo'>Congo<\/option><option  value ='Corea del Norte'>Corea del Norte<\/option><option  value ='Corea del Sur'>Corea del Sur<\/option><option  value ='Costa de Marfil'>Costa de Marfil<\/option><option  value ='Costa Rica'>Costa Rica<\/option><option  value ='Croacia'>Croacia<\/option><option  value ='Cuba'>Cuba<\/option><option  value ='Dinamarca'>Dinamarca<\/option><option  value ='Dominica'>Dominica<\/option><option  value ='Ecuador'>Ecuador<\/option><option  value ='Egipto'>Egipto<\/option><option  value ='El Salvador'>El Salvador<\/option><option  value ='Emiratos \u00c1rabes Unidos'>Emiratos \u00c1rabes Unidos<\/option><option  value ='Eritrea'>Eritrea<\/option><option  value ='Eslovaquia'>Eslovaquia<\/option><option  value ='Eslovenia'>Eslovenia<\/option><option  value ='Espa\u00f1a'>Espa\u00f1a<\/option><option  value ='Estados Unidos'>Estados Unidos<\/option><option  value ='Estonia'>Estonia<\/option><option  value ='Etiop\u00eda'>Etiop\u00eda<\/option><option  value ='Filipinas'>Filipinas<\/option><option  value ='Finlandia'>Finlandia<\/option><option  value ='Fiyi'>Fiyi<\/option><option  value ='Francia'>Francia<\/option><option  value ='Gab\u00f3n'>Gab\u00f3n<\/option><option  value ='Gambia'>Gambia<\/option><option  value ='Georgia'>Georgia<\/option><option  value ='Ghana'>Ghana<\/option><option  value ='Granada'>Granada<\/option><option  value ='Grecia'>Grecia<\/option><option  value ='Guatemala'>Guatemala<\/option><option  value ='Guinea'>Guinea<\/option><option  value ='Guinea Ecuatorial'>Guinea Ecuatorial<\/option><option  value ='Guinea-Bis\u00e1u'>Guinea-Bis\u00e1u<\/option><option  value ='Guyana'>Guyana<\/option><option  value ='Hait\u00ed'>Hait\u00ed<\/option><option  value ='Honduras'>Honduras<\/option><option  value ='Hungr\u00eda'>Hungr\u00eda<\/option><option  value ='India'>India<\/option><option  value ='Indonesia'>Indonesia<\/option><option  value ='Irak'>Irak<\/option><option  value ='Ir\u00e1n'>Ir\u00e1n<\/option><option  value ='Irlanda'>Irlanda<\/option><option  value ='Islandia'>Islandia<\/option><option  value ='Islas Marshall'>Islas Marshall<\/option><option  value ='Islas Salom\u00f3n'>Islas Salom\u00f3n<\/option><option  value ='Israel'>Israel<\/option><option  value ='Italia'>Italia<\/option><option  value ='Jamaica'>Jamaica<\/option><option  value ='Jap\u00f3n'>Jap\u00f3n<\/option><option  value ='Jordania'>Jordania<\/option><option  value ='Kazajist\u00e1n'>Kazajist\u00e1n<\/option><option  value ='Kenia'>Kenia<\/option><option  value ='Kirguist\u00e1n'>Kirguist\u00e1n<\/option><option  value ='Kiribati'>Kiribati<\/option><option  value ='Kosovo'>Kosovo<\/option><option  value ='Kuwait'>Kuwait<\/option><option  value ='Laos'>Laos<\/option><option  value ='Lesoto'>Lesoto<\/option><option  value ='Letonia'>Letonia<\/option><option  value ='L\u00edbano'>L\u00edbano<\/option><option  value ='Liberia'>Liberia<\/option><option  value ='Libia'>Libia<\/option><option  value ='Liechtenstein'>Liechtenstein<\/option><option  value ='Lituania'>Lituania<\/option><option  value ='Luxemburgo'>Luxemburgo<\/option><option  value ='Macedonia'>Macedonia<\/option><option  value ='Madagascar'>Madagascar<\/option><option  value ='Malasia'>Malasia<\/option><option  value ='Malaui'>Malaui<\/option><option  value ='Maldivas'>Maldivas<\/option><option  value ='Mal\u00ed'>Mal\u00ed<\/option><option  value ='Malta'>Malta<\/option><option  value ='Marruecos'>Marruecos<\/option><option  value ='Mauricio'>Mauricio<\/option><option  value ='Mauritania'>Mauritania<\/option><option  value ='M\u00e9xico'>M\u00e9xico<\/option><option  value ='Micronesia'>Micronesia<\/option><option  value ='Moldavia'>Moldavia<\/option><option  value ='M\u00f3naco'>M\u00f3naco<\/option><option  value ='Mongolia'>Mongolia<\/option><option  value ='Montenegro'>Montenegro<\/option><option  value ='Mozambique'>Mozambique<\/option><option  value ='Namibia'>Namibia<\/option><option  value ='Nauru'>Nauru<\/option><option  value ='Nepal'>Nepal<\/option><option  value ='Nicaragua'>Nicaragua<\/option><option  value ='N\u00edger'>N\u00edger<\/option><option  value ='Nigeria'>Nigeria<\/option><option  value ='Noruega'>Noruega<\/option><option  value ='Nueva Zelanda'>Nueva Zelanda<\/option><option  value ='Om\u00e1n'>Om\u00e1n<\/option><option  value ='Pa\u00edses Bajos'>Pa\u00edses Bajos<\/option><option  value ='Pakist\u00e1n'>Pakist\u00e1n<\/option><option  value ='Palaos'>Palaos<\/option><option  value ='Palestina'>Palestina<\/option><option  value ='Panam\u00e1'>Panam\u00e1<\/option><option  value ='Pap\u00faa Nueva Guinea'>Pap\u00faa Nueva Guinea<\/option><option  value ='Paraguay'>Paraguay<\/option><option  value ='Per\u00fa'>Per\u00fa<\/option><option  value ='Polonia'>Polonia<\/option><option  value ='Portugal'>Portugal<\/option><option  value ='Reino Unido'>Reino Unido<\/option><option  value ='Rep\u00fablica Centroafricana'>Rep\u00fablica Centroafricana<\/option><option  value ='Rep\u00fablica Checa'>Rep\u00fablica Checa<\/option><option  value ='Rep\u00fablica Democr\u00e1tica del Congo'>Rep\u00fablica Democr\u00e1tica del Congo<\/option><option  value ='Rep\u00fablica Dominicana'>Rep\u00fablica Dominicana<\/option><option  value ='Ruanda'>Ruanda<\/option><option  value ='Rumania'>Rumania<\/option><option  value ='Rusia'>Rusia<\/option><option  value ='Samoa'>Samoa<\/option><option  value ='San Crist\u00f3bal y Nieves'>San Crist\u00f3bal y Nieves<\/option><option  value ='San Marino'>San Marino<\/option><option  value ='San Vicente y las Granadinas'>San Vicente y las Granadinas<\/option><option  value ='Santa Luc\u00eda'>Santa Luc\u00eda<\/option><option  value ='Santo Tom\u00e9 y Pr\u00edncipe'>Santo Tom\u00e9 y Pr\u00edncipe<\/option><option  value ='Senegal'>Senegal<\/option><option  value ='Serbia'>Serbia<\/option><option  value ='Seychelles'>Seychelles<\/option><option  value ='Sierra Leona'>Sierra Leona<\/option><option  value ='Singapur'>Singapur<\/option><option  value ='Siria'>Siria<\/option><option  value ='Somalia'>Somalia<\/option><option  value ='Sri Lanka'>Sri Lanka<\/option><option  value ='Suazilandia'>Suazilandia<\/option><option  value ='Sud\u00e1frica'>Sud\u00e1frica<\/option><option  value ='Sud\u00e1n'>Sud\u00e1n<\/option><option  value ='Sud\u00e1n del Sur'>Sud\u00e1n del Sur<\/option><option  value ='Suecia'>Suecia<\/option><option  value ='Suiza'>Suiza<\/option><option  value ='Surinam'>Surinam<\/option><option  value ='Tailandia'>Tailandia<\/option><option  value ='Taiw\u00e1n'>Taiw\u00e1n<\/option><option  value ='Tanzania'>Tanzania<\/option><option  value ='Tayikist\u00e1n'>Tayikist\u00e1n<\/option><option  value ='Timor Oriental'>Timor Oriental<\/option><option  value ='Togo'>Togo<\/option><option  value ='Tonga'>Tonga<\/option><option  value ='Trinidad y Tobago'>Trinidad y Tobago<\/option><option  value ='T\u00fanez'>T\u00fanez<\/option><option  value ='Turkmenist\u00e1n'>Turkmenist\u00e1n<\/option><option  value ='Turqu\u00eda'>Turqu\u00eda<\/option><option  value ='Tuvalu'>Tuvalu<\/option><option  value ='Ucrania'>Ucrania<\/option><option  value ='Uganda'>Uganda<\/option><option  value ='Uruguay'>Uruguay<\/option><option  value ='Uzbekist\u00e1n'>Uzbekist\u00e1n<\/option><option  value ='Vanuatu'>Vanuatu<\/option><option  value ='Vaticano'>Vaticano<\/option><option  value ='Venezuela'>Venezuela<\/option><option  value ='Vietnam'>Vietnam<\/option><option  value ='Yemen'>Yemen<\/option><option  value ='Yibuti'>Yibuti<\/option><option  value ='Zambia'>Zambia<\/option><option  value ='Zimbabue'>Zimbabue<\/option><\/select><\/p><p class=' form_element form_element_third' id='element_avia_5_1'><label for=\"avia_5_1\">Telephone contact <abbr class=\"required\" title=\"required\">*<\/abbr><\/label> <input name=\"avia_5_1\" class=\"text_input is_phone\" type=\"text\" id=\"avia_5_1\" value=\"\" \/><\/p><p class=' first_form  form_element form_element_two_third' id='element_avia_6_1'><label for=\"avia_6_1\">Email <abbr class=\"required\" title=\"required\">*<\/abbr><\/label> <input name=\"avia_6_1\" class=\"text_input is_email\" type=\"text\" id=\"avia_6_1\" value=\"\" \/><\/p><p class=' form_element form_element_third' id='element_avia_7_1'><label for=\"avia_7_1\">User profile <abbr class=\"required\" title=\"required\">*<\/abbr><\/label> <select  name=\"avia_7_1\" class=\"select is_empty\" id=\"avia_7_1\"><option  value ='Stylist'>Stylist<\/option><option  value ='Importer \/ distributor'>Importer \/ distributor<\/option><option  value ='End consumer'>End consumer<\/option><option  value ='Work with us'>Work with us<\/option><option  value ='Press'>Press<\/option><\/select><\/p><p class=' first_form  form_element form_fullwidth' id='element_avia_8_1'>\t <label for=\"avia_8_1\" class=\"textare_label hidden textare_label_avia_8_1\">Your Message <abbr class=\"required\" title=\"required\">*<\/abbr><\/label>\t <textarea  name=\"avia_8_1\" class=\"text_area is_empty\" cols=\"40\" rows=\"7\" id=\"avia_8_1\" ><\/textarea><\/p><p class=\"hidden\"><input type=\"text\" name=\"avia_9_1\" class=\"hidden \" id=\"avia_9_1\" value=\"\" \/><\/p><div id='avia_10_1' class='av-recaptcha-area  first_form  form_element form_fullwidth av-last-visible-form-element '  data-container_class=\"\" data-custom_class=\"\" data-context=\"av_contact_form\" data-token_input=\"av_recaptcha_token\" data-version=\"avia_recaptcha_v2\" data-theme=\"light\" data-size=\"normal\" data-score=\"0.5\" data-text_to_preview=\"\" data-value=\"\"><div class=\"av-google-badge-message hidden\">This site is protected by reCAPTCHA and the Google <a href=\"https:\/\/policies.google.com\/privacy\">Privacy Policy<\/a> and <a href=\"https:\/\/policies.google.com\/terms\">Terms of Service<\/a> apply.<\/div><\/div><p class='av_form_privacy_check av_contact_privacy_check first_form  form_element form_fullwidth' id='element_avia_11_1'>    <input  name=\"avia_11_1\" class=\"input_checkbox is_empty\" type=\"checkbox\" id=\"avia_11_1\" value=\"true\"\/><label class=\"input_checkbox_label\" for=\"avia_11_1\">I agree to the terms and conditions laid out in the <a href='https:\/\/keyracolors.com\/politica-privacidad\/' target='_blank'>Privacy Policy<\/a> <abbr class=\"required\" title=\"required\">*<\/abbr><\/label><\/p><p class=\"form_element \"><input type=\"hidden\" value=\"1\" name=\"avia_generated_form1\" \/><input type=\"submit\" value=\"Send\" class=\"button\"  data-sending-label=\"Sending\"\/><\/p><\/fieldset><div class=\"avia-disabled-forn\">This contact form is deactivated because you refused to accept Google reCaptcha service which is necessary to validate any messages sent by the form.<\/div><\/form><div id=\"ajaxresponse_1\" class=\"ajaxresponse ajaxresponse_1 hidden\"><\/div><\/div><div class=\"flex_column av_one_fifth  flex_column_div av-zero-column-padding   avia-builder-el-5  el_after_av_three_fifth  el_before_av_one_full  column-top-margin\" style='border-radius:0px; '><\/div><div class=\"flex_column av_one_full  flex_column_div av-zero-column-padding first  avia-builder-el-6  el_after_av_one_fifth  avia-builder-el-last  column-top-margin\" style='border-radius:0px; '><div  class='avia-image-container  av-styling-    avia-builder-el-7  avia-builder-el-no-sibling  avia-align-center '  itemprop=\"image\" itemscope=\"itemscope\" itemtype=\"https:\/\/schema.org\/ImageObject\"  ><div class='avia-image-container-inner'><div class='avia-image-overlay-wrap'><img class='avia_image' src='https:\/\/keyracolors.com\/wp-content\/uploads\/2018\/07\/logo-keyra-forma-300x150.png' alt='Keyra Logo' title='Keyra' height=\"150\" width=\"300\"  itemprop=\"thumbnailUrl\"  \/><\/div><\/div><\/div><\/div>\n","protected":false},"excerpt":{"rendered":"","protected":false},"author":1,"featured_media":1816,"parent":0,"menu_order":0,"comment_status":"closed","ping_status":"closed","template":"","meta":{"footnotes":""},"yoast_head":"<!-- This site is optimized with the Yoast SEO plugin v23.3 - https:\/\/yoast.com\/wordpress\/plugins\/seo\/ -->\n<title>Contact - Keyra Colors<\/title>\n<meta name=\"description\" content=\"For any questions, doubts or suggestions, please fill in the contact form and we will get in touch as soon as possible.\" \/>\n<meta name=\"robots\" content=\"index, follow, max-snippet:-1, max-image-preview:large, max-video-preview:-1\" \/>\n<link rel=\"canonical\" href=\"https:\/\/keyracolors.com\/en\/contact\/\" \/>\n<meta property=\"og:locale\" content=\"en_US\" \/>\n<meta property=\"og:type\" content=\"article\" \/>\n<meta property=\"og:title\" content=\"Contact - Keyra Colors\" \/>\n<meta property=\"og:description\" content=\"For any questions, doubts or suggestions, please fill in the contact form and we will get in touch as soon as possible.\" \/>\n<meta property=\"og:url\" content=\"https:\/\/keyracolors.com\/en\/contact\/\" \/>\n<meta property=\"og:site_name\" content=\"Keyra Colors\" \/>\n<meta property=\"article:modified_time\" content=\"2021-06-07T09:29:23+00:00\" \/>\n<meta property=\"og:image\" content=\"https:\/\/keyracolors.com\/wp-content\/uploads\/2018\/06\/KEYRALogo_2020.png\" \/>\n\t<meta property=\"og:image:width\" content=\"539\" \/>\n\t<meta property=\"og:image:height\" content=\"326\" \/>\n\t<meta property=\"og:image:type\" content=\"image\/png\" \/>\n<meta name=\"twitter:card\" content=\"summary_large_image\" \/>\n<meta name=\"twitter:label1\" content=\"Est. reading time\" \/>\n\t<meta name=\"twitter:data1\" content=\"2 minutes\" \/>\n<script type=\"application\/ld+json\" class=\"yoast-schema-graph\">{\"@context\":\"https:\/\/schema.org\",\"@graph\":[{\"@type\":\"WebPage\",\"@id\":\"https:\/\/keyracolors.com\/en\/contact\/\",\"url\":\"https:\/\/keyracolors.com\/en\/contact\/\",\"name\":\"Contact - Keyra Colors\",\"isPartOf\":{\"@id\":\"https:\/\/keyracolors.com\/#website\"},\"primaryImageOfPage\":{\"@id\":\"https:\/\/keyracolors.com\/en\/contact\/#primaryimage\"},\"image\":{\"@id\":\"https:\/\/keyracolors.com\/en\/contact\/#primaryimage\"},\"thumbnailUrl\":\"https:\/\/keyracolors.com\/wp-content\/uploads\/2018\/06\/KEYRALogo_2020.png\",\"datePublished\":\"2015-07-16T09:12:51+00:00\",\"dateModified\":\"2021-06-07T09:29:23+00:00\",\"description\":\"For any questions, doubts or suggestions, please fill in the contact form and we will get in touch as soon as possible.\",\"breadcrumb\":{\"@id\":\"https:\/\/keyracolors.com\/en\/contact\/#breadcrumb\"},\"inLanguage\":\"en-US\",\"potentialAction\":[{\"@type\":\"ReadAction\",\"target\":[\"https:\/\/keyracolors.com\/en\/contact\/\"]}]},{\"@type\":\"ImageObject\",\"inLanguage\":\"en-US\",\"@id\":\"https:\/\/keyracolors.com\/en\/contact\/#primaryimage\",\"url\":\"https:\/\/keyracolors.com\/wp-content\/uploads\/2018\/06\/KEYRALogo_2020.png\",\"contentUrl\":\"https:\/\/keyracolors.com\/wp-content\/uploads\/2018\/06\/KEYRALogo_2020.png\",\"width\":539,\"height\":326,\"caption\":\"Keyra Logo\"},{\"@type\":\"BreadcrumbList\",\"@id\":\"https:\/\/keyracolors.com\/en\/contact\/#breadcrumb\",\"itemListElement\":[{\"@type\":\"ListItem\",\"position\":1,\"name\":\"Portada\",\"item\":\"https:\/\/keyracolors.com\/en\/home\/\"},{\"@type\":\"ListItem\",\"position\":2,\"name\":\"Contact\"}]},{\"@type\":\"WebSite\",\"@id\":\"https:\/\/keyracolors.com\/#website\",\"url\":\"https:\/\/keyracolors.com\/\",\"name\":\"Keyra Colors\",\"description\":\"High Quality Cosmetics\",\"potentialAction\":[{\"@type\":\"SearchAction\",\"target\":{\"@type\":\"EntryPoint\",\"urlTemplate\":\"https:\/\/keyracolors.com\/?s={search_term_string}\"},\"query-input\":\"required name=search_term_string\"}],\"inLanguage\":\"en-US\"}]}<\/script>\n<!-- \/ Yoast SEO plugin. -->","yoast_head_json":{"title":"Contact - Keyra Colors","description":"For any questions, doubts or suggestions, please fill in the contact form and we will get in touch as soon as possible.","robots":{"index":"index","follow":"follow","max-snippet":"max-snippet:-1","max-image-preview":"max-image-preview:large","max-video-preview":"max-video-preview:-1"},"canonical":"https:\/\/keyracolors.com\/en\/contact\/","og_locale":"en_US","og_type":"article","og_title":"Contact - Keyra Colors","og_description":"For any questions, doubts or suggestions, please fill in the contact form and we will get in touch as soon as possible.","og_url":"https:\/\/keyracolors.com\/en\/contact\/","og_site_name":"Keyra Colors","article_modified_time":"2021-06-07T09:29:23+00:00","og_image":[{"width":539,"height":326,"url":"https:\/\/keyracolors.com\/wp-content\/uploads\/2018\/06\/KEYRALogo_2020.png","type":"image\/png"}],"twitter_card":"summary_large_image","twitter_misc":{"Est. reading time":"2 minutes"},"schema":{"@context":"https:\/\/schema.org","@graph":[{"@type":"WebPage","@id":"https:\/\/keyracolors.com\/en\/contact\/","url":"https:\/\/keyracolors.com\/en\/contact\/","name":"Contact - Keyra Colors","isPartOf":{"@id":"https:\/\/keyracolors.com\/#website"},"primaryImageOfPage":{"@id":"https:\/\/keyracolors.com\/en\/contact\/#primaryimage"},"image":{"@id":"https:\/\/keyracolors.com\/en\/contact\/#primaryimage"},"thumbnailUrl":"https:\/\/keyracolors.com\/wp-content\/uploads\/2018\/06\/KEYRALogo_2020.png","datePublished":"2015-07-16T09:12:51+00:00","dateModified":"2021-06-07T09:29:23+00:00","description":"For any questions, doubts or suggestions, please fill in the contact form and we will get in touch as soon as possible.","breadcrumb":{"@id":"https:\/\/keyracolors.com\/en\/contact\/#breadcrumb"},"inLanguage":"en-US","potentialAction":[{"@type":"ReadAction","target":["https:\/\/keyracolors.com\/en\/contact\/"]}]},{"@type":"ImageObject","inLanguage":"en-US","@id":"https:\/\/keyracolors.com\/en\/contact\/#primaryimage","url":"https:\/\/keyracolors.com\/wp-content\/uploads\/2018\/06\/KEYRALogo_2020.png","contentUrl":"https:\/\/keyracolors.com\/wp-content\/uploads\/2018\/06\/KEYRALogo_2020.png","width":539,"height":326,"caption":"Keyra Logo"},{"@type":"BreadcrumbList","@id":"https:\/\/keyracolors.com\/en\/contact\/#breadcrumb","itemListElement":[{"@type":"ListItem","position":1,"name":"Portada","item":"https:\/\/keyracolors.com\/en\/home\/"},{"@type":"ListItem","position":2,"name":"Contact"}]},{"@type":"WebSite","@id":"https:\/\/keyracolors.com\/#website","url":"https:\/\/keyracolors.com\/","name":"Keyra Colors","description":"High Quality Cosmetics","potentialAction":[{"@type":"SearchAction","target":{"@type":"EntryPoint","urlTemplate":"https:\/\/keyracolors.com\/?s={search_term_string}"},"query-input":"required name=search_term_string"}],"inLanguage":"en-US"}]}},"jetpack_sharing_enabled":true,"_links":{"self":[{"href":"https:\/\/keyracolors.com\/en\/wp-json\/wp\/v2\/pages\/956"}],"collection":[{"href":"https:\/\/keyracolors.com\/en\/wp-json\/wp\/v2\/pages"}],"about":[{"href":"https:\/\/keyracolors.com\/en\/wp-json\/wp\/v2\/types\/page"}],"author":[{"embeddable":true,"href":"https:\/\/keyracolors.com\/en\/wp-json\/wp\/v2\/users\/1"}],"replies":[{"embeddable":true,"href":"https:\/\/keyracolors.com\/en\/wp-json\/wp\/v2\/comments?post=956"}],"version-history":[{"count":15,"href":"https:\/\/keyracolors.com\/en\/wp-json\/wp\/v2\/pages\/956\/revisions"}],"predecessor-version":[{"id":2689,"href":"https:\/\/keyracolors.com\/en\/wp-json\/wp\/v2\/pages\/956\/revisions\/2689"}],"wp:featuredmedia":[{"embeddable":true,"href":"https:\/\/keyracolors.com\/en\/wp-json\/wp\/v2\/media\/1816"}],"wp:attachment":[{"href":"https:\/\/keyracolors.com\/en\/wp-json\/wp\/v2\/media?parent=956"}],"curies":[{"name":"wp","href":"https:\/\/api.w.org\/{rel}","templated":true}]}}